{"id":31389,"date":"2026-04-28T15:42:01","date_gmt":"2026-04-28T15:42:01","guid":{"rendered":"https:\/\/microfiber.com.tr\/kvkk\/"},"modified":"2026-04-28T15:42:01","modified_gmt":"2026-04-28T15:42:01","slug":"kvkk","status":"publish","type":"page","link":"https:\/\/micrononwoven.com\/ru\/kvkk\/","title":{"rendered":"\u0422\u0435\u043a\u0441\u0442 \u043e \u043f\u0440\u043e\u0441\u0432\u0435\u0449\u0435\u043d\u0438\u0438 KVKK"},"content":{"rendered":"<h2>1. \u041a\u043e\u043d\u0442\u0440\u043e\u043b\u0435\u0440 \u0434\u0430\u043d\u043d\u044b\u0445<\/h2>\n<p>\u0412 \u0441\u043e\u043e\u0442\u0432\u0435\u0442\u0441\u0442\u0432\u0438\u0438 \u0441 \u0417\u0430\u043a\u043e\u043d\u043e\u043c \u043e \u0437\u0430\u0449\u0438\u0442\u0435 \u043f\u0435\u0440\u0441\u043e\u043d\u0430\u043b\u044c\u043d\u044b\u0445 \u0434\u0430\u043d\u043d\u044b\u0445 \u2116 6698 (&#8220;KVKK&#8221;), \u043a\u0430\u043a Microfiber Tekstil, \u043a\u043e\u043d\u0444\u0438\u0434\u0435\u043d\u0446\u0438\u0430\u043b\u044c\u043d\u043e\u0441\u0442\u044c \u0438 \u0437\u0430\u0449\u0438\u0442\u0430 \u0432\u0430\u0448\u0438\u0445 \u043f\u0435\u0440\u0441\u043e\u043d\u0430\u043b\u044c\u043d\u044b\u0445 \u0434\u0430\u043d\u043d\u044b\u0445 \u044f\u0432\u043b\u044f\u044e\u0442\u0441\u044f \u043d\u0430\u0448\u0438\u043c \u043f\u0440\u0438\u043e\u0440\u0438\u0442\u0435\u0442\u043e\u043c.<\/p>\n<p><strong>\u0410\u0434\u0440\u0435\u0441:<\/strong> 15 \u0438\u044e\u043b\u044f \u041c\u0430\u0445, 148046 Sokak No:7, 27560 \u015eehitkamil\/Gaziantep<br \/>\n<strong>\u042d\u043b\u0435\u043a\u0442\u0440\u043e\u043d\u043d\u0430\u044f \u043f\u043e\u0447\u0442\u0430:<\/strong> abdullah@microfiber.com.tr<br \/>\n<strong>\u0422\u0435\u043b\u0435\u0444\u043e\u043d:<\/strong> +90 (536) 494 65 76<\/p>\n<h2>2. \u041e\u0431\u0440\u0430\u0431\u0430\u0442\u044b\u0432\u0430\u0435\u043c\u044b\u0435 \u043f\u0435\u0440\u0441\u043e\u043d\u0430\u043b\u044c\u043d\u044b\u0435 \u0434\u0430\u043d\u043d\u044b\u0435<\/h2>\n<p>\u041f\u0435\u0440\u0441\u043e\u043d\u0430\u043b\u044c\u043d\u044b\u0435 \u0434\u0430\u043d\u043d\u044b\u0435, \u0441\u043e\u0431\u0438\u0440\u0430\u0435\u043c\u044b\u0435 \u043f\u0440\u0438 \u043e\u0431\u0440\u0430\u0449\u0435\u043d\u0438\u0438 \u0447\u0435\u0440\u0435\u0437 \u043d\u0430\u0448 \u0432\u0435\u0431-\u0441\u0430\u0439\u0442: \u0438\u043c\u044f \u0438 \u0444\u0430\u043c\u0438\u043b\u0438\u044f, \u0430\u0434\u0440\u0435\u0441 \u044d\u043b\u0435\u043a\u0442\u0440\u043e\u043d\u043d\u043e\u0439 \u043f\u043e\u0447\u0442\u044b, \u043d\u043e\u043c\u0435\u0440 \u0442\u0435\u043b\u0435\u0444\u043e\u043d\u0430, \u043d\u0430\u0437\u0432\u0430\u043d\u0438\u0435 \u043a\u043e\u043c\u043f\u0430\u043d\u0438\u0438 \u0438 \u0441\u043e\u0434\u0435\u0440\u0436\u0430\u043d\u0438\u0435 \u0441\u043e\u043e\u0431\u0449\u0435\u043d\u0438\u044f.<\/p>\n<h2>3. \u0426\u0435\u043b\u0438 \u043e\u0431\u0440\u0430\u0431\u043e\u0442\u043a\u0438 \u043f\u0435\u0440\u0441\u043e\u043d\u0430\u043b\u044c\u043d\u044b\u0445 \u0434\u0430\u043d\u043d\u044b\u0445<\/h2>\n<ul>\n<li>\u0423\u043f\u0440\u0430\u0432\u043b\u0435\u043d\u0438\u0435 \u0437\u0430\u043f\u0440\u043e\u0441\u0430\u043c\u0438 \u0438 \u0436\u0430\u043b\u043e\u0431\u0430\u043c\u0438 \u043a\u043b\u0438\u0435\u043d\u0442\u043e\u0432<\/li>\n<li>\u0418\u043d\u0444\u043e\u0440\u043c\u0438\u0440\u043e\u0432\u0430\u043d\u0438\u0435 \u043e \u043f\u0440\u043e\u0434\u0443\u043a\u0442\u0430\u0445 \u0438 \u0443\u0441\u043b\u0443\u0433\u0430\u0445<\/li>\n<li>\u0412\u044b\u043f\u043e\u043b\u043d\u0435\u043d\u0438\u0435 \u0434\u043e\u0433\u043e\u0432\u043e\u0440\u043d\u044b\u0445 \u043f\u0440\u043e\u0446\u0435\u0441\u0441\u043e\u0432<\/li>\n<li>\u0412\u044b\u043f\u043e\u043b\u043d\u0435\u043d\u0438\u0435 \u044e\u0440\u0438\u0434\u0438\u0447\u0435\u0441\u043a\u0438\u0445 \u043e\u0431\u044f\u0437\u0430\u0442\u0435\u043b\u044c\u0441\u0442\u0432<\/li>\n<li>\u041f\u0440\u043e\u0432\u0435\u0434\u0435\u043d\u0438\u0435 \u043c\u0430\u0440\u043a\u0435\u0442\u0438\u043d\u0433\u043e\u0432\u044b\u0445 \u0438 \u043a\u043e\u043c\u043c\u0443\u043d\u0438\u043a\u0430\u0446\u0438\u043e\u043d\u043d\u044b\u0445 \u043c\u0435\u0440\u043e\u043f\u0440\u0438\u044f\u0442\u0438\u0439<\/li>\n<\/ul>\n<h2>4. \u041f\u0435\u0440\u0435\u0434\u0430\u0447\u0430 \u043f\u0435\u0440\u0441\u043e\u043d\u0430\u043b\u044c\u043d\u044b\u0445 \u0434\u0430\u043d\u043d\u044b\u0445<\/h2>\n<p>\u0412\u0430\u0448\u0438 \u043f\u0435\u0440\u0441\u043e\u043d\u0430\u043b\u044c\u043d\u044b\u0435 \u0434\u0430\u043d\u043d\u044b\u0435 \u043c\u043e\u0433\u0443\u0442 \u0431\u044b\u0442\u044c \u043f\u0435\u0440\u0435\u0434\u0430\u043d\u044b \u0443\u043f\u043e\u043b\u043d\u043e\u043c\u043e\u0447\u0435\u043d\u043d\u044b\u043c \u0433\u043e\u0441\u0443\u0434\u0430\u0440\u0441\u0442\u0432\u0435\u043d\u043d\u044b\u043c \u043e\u0440\u0433\u0430\u043d\u0430\u043c \u0438 \u043e\u0440\u0433\u0430\u043d\u0438\u0437\u0430\u0446\u0438\u044f\u043c, \u043d\u0430\u0448\u0438\u043c \u0434\u0435\u043b\u043e\u0432\u044b\u043c \u043f\u0430\u0440\u0442\u043d\u0435\u0440\u0430\u043c \u0438 \u043f\u043e\u0441\u0442\u0430\u0432\u0449\u0438\u043a\u0430\u043c \u0443\u0441\u043b\u0443\u0433 \u0432 \u0446\u0435\u043b\u044f\u0445 \u0432\u044b\u043f\u043e\u043b\u043d\u0435\u043d\u0438\u044f \u044e\u0440\u0438\u0434\u0438\u0447\u0435\u0441\u043a\u0438\u0445 \u043e\u0431\u044f\u0437\u0430\u0442\u0435\u043b\u044c\u0441\u0442\u0432, \u0434\u043e\u0433\u043e\u0432\u043e\u0440\u043d\u044b\u0445 \u043e\u0431\u044f\u0437\u0430\u0442\u0435\u043b\u044c\u0441\u0442\u0432 \u0438 \u043f\u043e\u0432\u044b\u0448\u0435\u043d\u0438\u044f \u043a\u0430\u0447\u0435\u0441\u0442\u0432\u0430 \u043d\u0430\u0448\u0438\u0445 \u0443\u0441\u043b\u0443\u0433.<\/p>\n<h2>5. \u041f\u0440\u0430\u0432\u0430 \u0441\u0443\u0431\u044a\u0435\u043a\u0442\u0430 \u043f\u0435\u0440\u0441\u043e\u043d\u0430\u043b\u044c\u043d\u044b\u0445 \u0434\u0430\u043d\u043d\u044b\u0445<\/h2>\n<p>\u0412 \u0441\u043e\u043e\u0442\u0432\u0435\u0442\u0441\u0442\u0432\u0438\u0438 \u0441\u043e \u0441\u0442\u0430\u0442\u044c\u0435\u0439 11 \u0417\u0430\u043a\u043e\u043d\u0430 \u043e \u0437\u0430\u0449\u0438\u0442\u0435 \u043f\u0435\u0440\u0441\u043e\u043d\u0430\u043b\u044c\u043d\u044b\u0445 \u0434\u0430\u043d\u043d\u044b\u0445 (KVKK) \u0432\u044b, \u043a\u0430\u043a \u0441\u0443\u0431\u044a\u0435\u043a\u0442 \u0434\u0430\u043d\u043d\u044b\u0445, \u0438\u043c\u0435\u0435\u0442\u0435 \u0441\u043b\u0435\u0434\u0443\u044e\u0449\u0438\u0435 \u043f\u0440\u0430\u0432\u0430:<\/p>\n<ul>\n<li>\u0423\u0437\u043d\u0430\u0442\u044c, \u043e\u0431\u0440\u0430\u0431\u0430\u0442\u044b\u0432\u0430\u044e\u0442\u0441\u044f \u043b\u0438 \u0432\u0430\u0448\u0438 \u043f\u0435\u0440\u0441\u043e\u043d\u0430\u043b\u044c\u043d\u044b\u0435 \u0434\u0430\u043d\u043d\u044b\u0435<\/li>\n<li>\u0417\u0430\u043f\u0440\u043e\u0441\u0438\u0442\u044c \u0438\u043d\u0444\u043e\u0440\u043c\u0430\u0446\u0438\u044e \u043e\u0431 \u043e\u0431\u0440\u0430\u0431\u0430\u0442\u044b\u0432\u0430\u0435\u043c\u044b\u0445 \u0434\u0430\u043d\u043d\u044b\u0445<\/li>\n<li>\u0423\u0437\u043d\u0430\u0442\u044c \u0446\u0435\u043b\u044c \u0438 \u0441\u043e\u043e\u0442\u0432\u0435\u0442\u0441\u0442\u0432\u0438\u0435 \u043e\u0431\u0440\u0430\u0431\u043e\u0442\u043a\u0438<\/li>\n<li>\u0417\u0430\u043f\u0440\u043e\u0441\u0438\u0442\u044c \u0438\u0441\u043f\u0440\u0430\u0432\u043b\u0435\u043d\u0438\u0435 \u043d\u0435\u043f\u043e\u043b\u043d\u044b\u0445 \u0438\u043b\u0438 \u043d\u0435\u0432\u0435\u0440\u043d\u043e \u043e\u0431\u0440\u0430\u0431\u043e\u0442\u0430\u043d\u043d\u044b\u0445 \u0434\u0430\u043d\u043d\u044b\u0445<\/li>\n<li>\u0417\u0430\u043f\u0440\u043e\u0441\u0438\u0442\u044c \u0443\u0434\u0430\u043b\u0435\u043d\u0438\u0435 \u0438\u043b\u0438 \u0443\u043d\u0438\u0447\u0442\u043e\u0436\u0435\u043d\u0438\u0435 \u0434\u0430\u043d\u043d\u044b\u0445<\/li>\n<li>\u0412\u043e\u0437\u0440\u0430\u0437\u0438\u0442\u044c \u043f\u0440\u043e\u0442\u0438\u0432 \u0430\u0432\u0442\u043e\u043c\u0430\u0442\u0438\u0447\u0435\u0441\u043a\u043e\u0433\u043e \u0430\u043d\u0430\u043b\u0438\u0437\u0430, \u043f\u043e\u043b\u0443\u0447\u0435\u043d\u043d\u043e\u0433\u043e \u0432 \u0440\u0435\u0437\u0443\u043b\u044c\u0442\u0430\u0442\u0435 \u043e\u0431\u0440\u0430\u0431\u043e\u0442\u043a\u0438<\/li>\n<\/ul>\n<h2>6. \u0417\u0430\u044f\u0432\u043a\u0430<\/h2>\n<p>\u0427\u0442\u043e\u0431\u044b \u0432\u043e\u0441\u043f\u043e\u043b\u044c\u0437\u043e\u0432\u0430\u0442\u044c\u0441\u044f \u0432\u044b\u0448\u0435\u0443\u043a\u0430\u0437\u0430\u043d\u043d\u044b\u043c\u0438 \u043f\u0440\u0430\u0432\u0430\u043c\u0438 <a href=\"mailto:abdullah@microfiber.com.tr\">abdullah@microfiber.com.tr<\/a> \u0432\u044b \u043c\u043e\u0436\u0435\u0442\u0435 \u043e\u0431\u0440\u0430\u0442\u0438\u0442\u044c\u0441\u044f \u043f\u043e \u0430\u0434\u0440\u0435\u0441\u0443 \u044d\u043b\u0435\u043a\u0442\u0440\u043e\u043d\u043d\u043e\u0439 \u043f\u043e\u0447\u0442\u044b. \u0412\u0430\u0448 \u0437\u0430\u043f\u0440\u043e\u0441 \u0431\u0443\u0434\u0435\u0442 \u0440\u0430\u0441\u0441\u043c\u043e\u0442\u0440\u0435\u043d \u0432 \u0442\u0435\u0447\u0435\u043d\u0438\u0435 30 \u0434\u043d\u0435\u0439.<\/p>","protected":false},"excerpt":{"rendered":"<p>1. Veri Sorumlusu 6698 say\u0131l\u0131 Ki\u015fisel Verilerin Korunmas\u0131 Kanunu (&#8220;KVKK&#8221;) uyar\u0131nca veri sorumlusu s\u0131fat\u0131yla, Microfiber Tekstil olarak ki\u015fisel verilerinizin gizlili\u011fi ve korunmas\u0131 bizim i\u00e7in \u00f6nceliklidir. Adres: 15 Temmuz Mah, 148046 Sokak No:7, 27560 \u015eehitkamil\/Gaziantep E-posta: abdullah@microfiber.com.tr Telefon: +90 (536) 494 65 76 2. \u0130\u015flenen Ki\u015fisel Veriler Web sitemiz arac\u0131l\u0131\u011f\u0131yla ileti\u015fime ge\u00e7ti\u011finizde toplanan ki\u015fisel veriler: ad-soyad,&#8230;<\/p>","protected":false},"author":0,"featured_media":0,"parent":0,"menu_order":0,"comment_status":"closed","ping_status":"closed","template":"","meta":{"footnotes":""},"class_list":["post-31389","page","type-page","status-publish","hentry"],"_links":{"self":[{"href":"https:\/\/micrononwoven.com\/ru\/wp-json\/wp\/v2\/pages\/31389","targetHints":{"allow":["GET"]}}],"collection":[{"href":"https:\/\/micrononwoven.com\/ru\/wp-json\/wp\/v2\/pages"}],"about":[{"href":"https:\/\/micrononwoven.com\/ru\/wp-json\/wp\/v2\/types\/page"}],"replies":[{"embeddable":true,"href":"https:\/\/micrononwoven.com\/ru\/wp-json\/wp\/v2\/comments?post=31389"}],"version-history":[{"count":0,"href":"https:\/\/micrononwoven.com\/ru\/wp-json\/wp\/v2\/pages\/31389\/revisions"}],"wp:attachment":[{"href":"https:\/\/micrononwoven.com\/ru\/wp-json\/wp\/v2\/media?parent=31389"}],"curies":[{"name":"wp","href":"https:\/\/api.w.org\/{rel}","templated":true}]}}