{"id":31389,"date":"2026-04-28T15:42:01","date_gmt":"2026-04-28T15:42:01","guid":{"rendered":"https:\/\/microfiber.com.tr\/kvkk\/"},"modified":"2026-04-28T15:42:01","modified_gmt":"2026-04-28T15:42:01","slug":"kvkk","status":"publish","type":"page","link":"https:\/\/micrononwoven.com\/it\/kvkk\/","title":{"rendered":"Testo Informativo KVKK"},"content":{"rendered":"<h2>1. Titolare del trattamento<\/h2>\n<p>Ai sensi della Legge sulla protezione dei dati personali n. 6698 (&#8220;KVKK&#8221;), in qualit\u00e0 di titolare del trattamento, la riservatezza e la protezione dei tuoi dati personali sono una priorit\u00e0 per noi di Microfiber Tekstil.<\/p>\n<p><strong>Indirizzo:<\/strong> 15 luglio Mah, 148046 Sokak No:7, 27560 \u015eehitkamil\/Gaziantep<br \/>\n<strong>E-mail:<\/strong> abdullah@microfiber.com.tr<br \/>\n<strong>Telefono:<\/strong> +90 (536) 494 65 76<\/p>\n<h2>2. Dati personali trattati<\/h2>\n<p>I dati personali raccolti quando ci contatti tramite il nostro sito web sono: nome-cognome, indirizzo e-mail, numero di telefono, nome dell'azienda e contenuto del messaggio.<\/p>\n<h2>3. Finalit\u00e0 del trattamento dei dati personali<\/h2>\n<ul>\n<li>Gestione delle richieste e dei reclami dei clienti<\/li>\n<li>Informazioni su prodotti e servizi<\/li>\n<li>Esecuzione dei processi contrattuali<\/li>\n<li>Adempimento degli obblighi legali<\/li>\n<li>Svolgimento delle attivit\u00e0 di marketing e comunicazione<\/li>\n<\/ul>\n<h2>4. Trasferimento dei dati personali<\/h2>\n<p>I Suoi dati personali possono essere trasferiti a enti e istituzioni pubbliche autorizzate, ai nostri partner commerciali e ai fornitori di servizi per obblighi di legge, obblighi contrattuali e per migliorare la qualit\u00e0 del nostro servizio.<\/p>\n<h2>5. Diritti dell'interessato<\/h2>\n<p>Ai sensi dell'articolo 11 della KVKK, in qualit\u00e0 di interessato, Lei ha i seguenti diritti:<\/p>\n<ul>\n<li>Sapere se i Suoi dati personali sono stati trattati<\/li>\n<li>Richiedere informazioni sui dati trattati<\/li>\n<li>Conoscere lo scopo del trattamento e se esso sia conforme a tale scopo<\/li>\n<li>Richiedere la rettifica di dati trattati in modo incompleto o errato<\/li>\n<li>Richiedere la cancellazione o la distruzione dei dati<\/li>\n<li>Opporsi ad analisi automatizzate risultanti dal trattamento<\/li>\n<\/ul>\n<h2>6. Richiesta<\/h2>\n<p>Per esercitare i diritti di cui sopra <a href=\"mailto:abdullah@microfiber.com.tr\">abdullah@microfiber.com.tr<\/a> pu\u00f2 rivolgersi all'indirizzo e-mail. La Sua richiesta sar\u00e0 evasa entro e non oltre 30 giorni.<\/p>","protected":false},"excerpt":{"rendered":"<p>1. Veri Sorumlusu 6698 say\u0131l\u0131 Ki\u015fisel Verilerin Korunmas\u0131 Kanunu (&#8220;KVKK&#8221;) uyar\u0131nca veri sorumlusu s\u0131fat\u0131yla, Microfiber Tekstil olarak ki\u015fisel verilerinizin gizlili\u011fi ve korunmas\u0131 bizim i\u00e7in \u00f6nceliklidir. Adres: 15 Temmuz Mah, 148046 Sokak No:7, 27560 \u015eehitkamil\/Gaziantep E-posta: abdullah@microfiber.com.tr Telefon: +90 (536) 494 65 76 2. \u0130\u015flenen Ki\u015fisel Veriler Web sitemiz arac\u0131l\u0131\u011f\u0131yla ileti\u015fime ge\u00e7ti\u011finizde toplanan ki\u015fisel veriler: ad-soyad,&#8230;<\/p>","protected":false},"author":0,"featured_media":0,"parent":0,"menu_order":0,"comment_status":"closed","ping_status":"closed","template":"","meta":{"footnotes":""},"class_list":["post-31389","page","type-page","status-publish","hentry"],"_links":{"self":[{"href":"https:\/\/micrononwoven.com\/it\/wp-json\/wp\/v2\/pages\/31389","targetHints":{"allow":["GET"]}}],"collection":[{"href":"https:\/\/micrononwoven.com\/it\/wp-json\/wp\/v2\/pages"}],"about":[{"href":"https:\/\/micrononwoven.com\/it\/wp-json\/wp\/v2\/types\/page"}],"replies":[{"embeddable":true,"href":"https:\/\/micrononwoven.com\/it\/wp-json\/wp\/v2\/comments?post=31389"}],"version-history":[{"count":0,"href":"https:\/\/micrononwoven.com\/it\/wp-json\/wp\/v2\/pages\/31389\/revisions"}],"wp:attachment":[{"href":"https:\/\/micrononwoven.com\/it\/wp-json\/wp\/v2\/media?parent=31389"}],"curies":[{"name":"wp","href":"https:\/\/api.w.org\/{rel}","templated":true}]}}