{"id":31389,"date":"2026-04-28T15:42:01","date_gmt":"2026-04-28T15:42:01","guid":{"rendered":"https:\/\/microfiber.com.tr\/kvkk\/"},"modified":"2026-04-28T15:42:01","modified_gmt":"2026-04-28T15:42:01","slug":"kvkk","status":"publish","type":"page","link":"https:\/\/micrononwoven.com\/fr\/kvkk\/","title":{"rendered":"Texte d'information KVKK"},"content":{"rendered":"<h2>1. Responsable du traitement<\/h2>\n<p>Conform\u00e9ment \u00e0 la loi n\u00b0 6698 sur la protection des donn\u00e9es personnelles (\u00ab KVKK \u00bb), en tant que responsable du traitement, la confidentialit\u00e9 et la protection de vos donn\u00e9es personnelles sont une priorit\u00e9 pour nous chez Microfiber Tekstil.<\/p>\n<p><strong>Adresse :<\/strong> 15 juillet Mah, 148046 Sokak No:7, 27560 \u015eehitkamil\/Gaziantep<br \/>\n<strong>E-mail :<\/strong> abdullah@microfiber.com.tr<br \/>\n<strong>T\u00e9l\u00e9phone :<\/strong> +90 (536) 494 65 76<\/p>\n<h2>2. Donn\u00e9es personnelles trait\u00e9es<\/h2>\n<p>Les donn\u00e9es personnelles collect\u00e9es lorsque vous nous contactez via notre site web sont : nom-pr\u00e9nom, adresse e-mail, num\u00e9ro de t\u00e9l\u00e9phone, nom de l'entreprise et contenu du message.<\/p>\n<h2>3. Finalit\u00e9s du traitement des donn\u00e9es personnelles<\/h2>\n<ul>\n<li>Gestion des demandes et plaintes des clients<\/li>\n<li>Information sur les produits et services<\/li>\n<li>Ex\u00e9cution des processus contractuels<\/li>\n<li>Respect des obligations l\u00e9gales<\/li>\n<li>Poursuite des activit\u00e9s de marketing et de communication<\/li>\n<\/ul>\n<h2>4. Transfert des donn\u00e9es personnelles<\/h2>\n<p>Vos donn\u00e9es personnelles peuvent \u00eatre transf\u00e9r\u00e9es aux institutions et organismes publics autoris\u00e9s, \u00e0 nos partenaires commerciaux et aux fournisseurs dont nous recevons des services, pour des raisons d'obligations l\u00e9gales, d'obligations contractuelles et afin d'am\u00e9liorer la qualit\u00e9 de nos services.<\/p>\n<h2>5. Droits du titulaire des donn\u00e9es personnelles<\/h2>\n<p>Conform\u00e9ment \u00e0 l'article 11 de la KVKK, en tant que titulaire des donn\u00e9es, vous disposez des droits suivants :<\/p>\n<ul>\n<li>Savoir si vos donn\u00e9es personnelles sont trait\u00e9es ou non<\/li>\n<li>Demander des informations sur les donn\u00e9es trait\u00e9es<\/li>\n<li>Conna\u00eetre la finalit\u00e9 du traitement et sa conformit\u00e9<\/li>\n<li>Demander la correction des donn\u00e9es trait\u00e9es de mani\u00e8re incompl\u00e8te ou incorrecte<\/li>\n<li>Demander la suppression ou la destruction des donn\u00e9es<\/li>\n<li>S'opposer aux analyses automatis\u00e9es r\u00e9sultant du traitement<\/li>\n<\/ul>\n<h2>6. Demande<\/h2>\n<p>Pour exercer vos droits ci-dessus <a href=\"mailto:abdullah@microfiber.com.tr\">abdullah@microfiber.com.tr<\/a> vous pouvez vous adresser \u00e0 l'adresse e-mail. Votre demande sera trait\u00e9e dans un d\u00e9lai maximum de 30 jours.<\/p>","protected":false},"excerpt":{"rendered":"<p>1. Veri Sorumlusu 6698 say\u0131l\u0131 Ki\u015fisel Verilerin Korunmas\u0131 Kanunu (&#8220;KVKK&#8221;) uyar\u0131nca veri sorumlusu s\u0131fat\u0131yla, Microfiber Tekstil olarak ki\u015fisel verilerinizin gizlili\u011fi ve korunmas\u0131 bizim i\u00e7in \u00f6nceliklidir. Adres: 15 Temmuz Mah, 148046 Sokak No:7, 27560 \u015eehitkamil\/Gaziantep E-posta: abdullah@microfiber.com.tr Telefon: +90 (536) 494 65 76 2. \u0130\u015flenen Ki\u015fisel Veriler Web sitemiz arac\u0131l\u0131\u011f\u0131yla ileti\u015fime ge\u00e7ti\u011finizde toplanan ki\u015fisel veriler: ad-soyad,&#8230;<\/p>","protected":false},"author":0,"featured_media":0,"parent":0,"menu_order":0,"comment_status":"closed","ping_status":"closed","template":"","meta":{"footnotes":""},"class_list":["post-31389","page","type-page","status-publish","hentry"],"_links":{"self":[{"href":"https:\/\/micrononwoven.com\/fr\/wp-json\/wp\/v2\/pages\/31389","targetHints":{"allow":["GET"]}}],"collection":[{"href":"https:\/\/micrononwoven.com\/fr\/wp-json\/wp\/v2\/pages"}],"about":[{"href":"https:\/\/micrononwoven.com\/fr\/wp-json\/wp\/v2\/types\/page"}],"replies":[{"embeddable":true,"href":"https:\/\/micrononwoven.com\/fr\/wp-json\/wp\/v2\/comments?post=31389"}],"version-history":[{"count":0,"href":"https:\/\/micrononwoven.com\/fr\/wp-json\/wp\/v2\/pages\/31389\/revisions"}],"wp:attachment":[{"href":"https:\/\/micrononwoven.com\/fr\/wp-json\/wp\/v2\/media?parent=31389"}],"curies":[{"name":"wp","href":"https:\/\/api.w.org\/{rel}","templated":true}]}}