{"id":31389,"date":"2026-04-28T15:42:01","date_gmt":"2026-04-28T15:42:01","guid":{"rendered":"https:\/\/microfiber.com.tr\/kvkk\/"},"modified":"2026-04-28T15:42:01","modified_gmt":"2026-04-28T15:42:01","slug":"kvkk","status":"publish","type":"page","link":"https:\/\/micrononwoven.com\/es\/kvkk\/","title":{"rendered":"Texto Informativo de KVKK"},"content":{"rendered":"<h2>1. Responsable del Tratamiento de Datos<\/h2>\n<p>De acuerdo con la Ley No. 6698 sobre la Protecci\u00f3n de Datos Personales (&#8220;KVKK&#8221;), la privacidad y la protecci\u00f3n de sus datos personales son una prioridad para nosotros como Microfiber Tekstil en nuestra calidad de responsable del tratamiento de datos.<\/p>\n<p><strong>Direcci\u00f3n:<\/strong> 15 de julio Mah, 148046 Sokak No:7, 27560 \u015eehitkamil\/Gaziantep<br \/>\n<strong>E-posta:<\/strong> abdullah@microfiber.com.tr<br \/>\n<strong>Tel\u00e9fono:<\/strong> +90 (536) 494 65 76<\/p>\n<h2>2. Datos Personales Tratados<\/h2>\n<p>Datos personales recopilados cuando se pone en contacto con nosotros a trav\u00e9s de nuestro sitio web: nombre y apellido, direcci\u00f3n de correo electr\u00f3nico, n\u00famero de tel\u00e9fono, nombre de la empresa y contenido del mensaje.<\/p>\n<h2>3. Prop\u00f3sitos del Tratamiento de Datos Personales<\/h2>\n<ul>\n<li>Gesti\u00f3n de solicitudes y quejas de los clientes<\/li>\n<li>Informaci\u00f3n sobre productos y servicios<\/li>\n<li>Ejecuci\u00f3n de procesos contractuales<\/li>\n<li>Cumplimiento de obligaciones legales<\/li>\n<li>Mantenimiento de actividades de marketing y comunicaci\u00f3n<\/li>\n<\/ul>\n<h2>4. Transferencia de Datos Personales<\/h2>\n<p>Sus datos personales pueden ser transferidos a instituciones p\u00fablicas y organizaciones autorizadas, socios comerciales y proveedores de servicios de los que recibimos servicios, con el fin de cumplir con obligaciones legales, obligaciones contractuales y mejorar la calidad de nuestro servicio.<\/p>\n<h2>5. Derechos del Titular de los Datos Personales<\/h2>\n<p>De acuerdo con el art\u00edculo 11 de la KVKK, usted tiene los siguientes derechos como titular de los datos:<\/p>\n<ul>\n<li>Averiguar si sus datos personales est\u00e1n siendo procesados<\/li>\n<li>Solicitar informaci\u00f3n sobre los datos procesados<\/li>\n<li>Averiguar el prop\u00f3sito y la adecuaci\u00f3n del procesamiento<\/li>\n<li>Solicitar la correcci\u00f3n de datos incompletos o procesados incorrectamente<\/li>\n<li>Solicitar la eliminaci\u00f3n o destrucci\u00f3n de los datos<\/li>\n<li>Oponerse a los an\u00e1lisis automatizados que resultan del procesamiento<\/li>\n<\/ul>\n<h2>6. Solicitud<\/h2>\n<p>Para ejercer sus derechos anteriores <a href=\"mailto:abdullah@microfiber.com.tr\">abdullah@microfiber.com.tr<\/a> puede solicitarlo a la direcci\u00f3n de correo electr\u00f3nico. Su solicitud se resolver\u00e1 en un plazo m\u00e1ximo de 30 d\u00edas.<\/p>","protected":false},"excerpt":{"rendered":"<p>1. Veri Sorumlusu 6698 say\u0131l\u0131 Ki\u015fisel Verilerin Korunmas\u0131 Kanunu (&#8220;KVKK&#8221;) uyar\u0131nca veri sorumlusu s\u0131fat\u0131yla, Microfiber Tekstil olarak ki\u015fisel verilerinizin gizlili\u011fi ve korunmas\u0131 bizim i\u00e7in \u00f6nceliklidir. Adres: 15 Temmuz Mah, 148046 Sokak No:7, 27560 \u015eehitkamil\/Gaziantep E-posta: abdullah@microfiber.com.tr Telefon: +90 (536) 494 65 76 2. \u0130\u015flenen Ki\u015fisel Veriler Web sitemiz arac\u0131l\u0131\u011f\u0131yla ileti\u015fime ge\u00e7ti\u011finizde toplanan ki\u015fisel veriler: ad-soyad,&#8230;<\/p>","protected":false},"author":0,"featured_media":0,"parent":0,"menu_order":0,"comment_status":"closed","ping_status":"closed","template":"","meta":{"footnotes":""},"class_list":["post-31389","page","type-page","status-publish","hentry"],"_links":{"self":[{"href":"https:\/\/micrononwoven.com\/es\/wp-json\/wp\/v2\/pages\/31389","targetHints":{"allow":["GET"]}}],"collection":[{"href":"https:\/\/micrononwoven.com\/es\/wp-json\/wp\/v2\/pages"}],"about":[{"href":"https:\/\/micrononwoven.com\/es\/wp-json\/wp\/v2\/types\/page"}],"replies":[{"embeddable":true,"href":"https:\/\/micrononwoven.com\/es\/wp-json\/wp\/v2\/comments?post=31389"}],"version-history":[{"count":0,"href":"https:\/\/micrononwoven.com\/es\/wp-json\/wp\/v2\/pages\/31389\/revisions"}],"wp:attachment":[{"href":"https:\/\/micrononwoven.com\/es\/wp-json\/wp\/v2\/media?parent=31389"}],"curies":[{"name":"wp","href":"https:\/\/api.w.org\/{rel}","templated":true}]}}