{"id":31389,"date":"2026-04-28T15:42:01","date_gmt":"2026-04-28T15:42:01","guid":{"rendered":"https:\/\/microfiber.com.tr\/kvkk\/"},"modified":"2026-04-28T15:42:01","modified_gmt":"2026-04-28T15:42:01","slug":"kvkk","status":"publish","type":"page","link":"https:\/\/micrononwoven.com\/en\/kvkk\/","title":{"rendered":"KVKK Ayd\u0131nlatma Metni"},"content":{"rendered":"<h2>1. Data Controller<\/h2>\n<p>In accordance with the Law No. 6698 on the Protection of Personal Data (&#8220;KVKK&#8221;), as Microfiber Tekstil, the confidentiality and protection of your personal data is our priority as the data controller.<\/p>\n<p><strong>Address:<\/strong> 15 Temmuz Mah, 148046 Sokak No:7, 27560 \u015eehitkamil\/Gaziantep<br \/>\n<strong>E-posta:<\/strong> abdullah@microfiber.com.tr<br \/>\n<strong>Telefon:<\/strong> +90 (536) 494 65 76<\/p>\n<h2>2. Personal Data Processed<\/h2>\n<p>Personal data collected when you contact us through our website: name-surname, e-mail address, phone number, company name and message content.<\/p>\n<h2>3. Purposes of Processing Personal Data<\/h2>\n<ul>\n<li>Management of customer requests and complaints<\/li>\n<li>Product and service information<\/li>\n<li>Execution of contract processes<\/li>\n<li>Fulfillment of legal obligations<\/li>\n<li>Maintaining marketing and communication activities<\/li>\n<\/ul>\n<h2>4. Transfer of Personal Data<\/h2>\n<p>Your personal data may be transferred to authorized public institutions and organizations, our business partners and suppliers we receive services from, for legal obligations, contractual obligations and to improve the quality of our services.<\/p>\n<h2>5. Rights of the Data Subject<\/h2>\n<p>According to KVKK Article 11, you have the following rights as a data subject:<\/p>\n<ul>\n<li>Learning whether your personal data is being processed<\/li>\n<li>Requesting information about the processed data<\/li>\n<li>Learning the purpose and suitability of the processing<\/li>\n<li>Requesting the correction of incomplete or incorrectly processed data<\/li>\n<li>Requesting the deletion or destruction of data<\/li>\n<li>Objecting to automated analyses resulting from the processing<\/li>\n<\/ul>\n<h2>6. Application<\/h2>\n<p>To exercise the above rights <a href=\"mailto:abdullah@microfiber.com.tr\">abdullah@microfiber.com.tr<\/a> You can apply to the e-mail address. Your request will be finalized within a maximum of 30 days.<\/p>","protected":false},"excerpt":{"rendered":"<p>1. Veri Sorumlusu 6698 say\u0131l\u0131 Ki\u015fisel Verilerin Korunmas\u0131 Kanunu (&#8220;KVKK&#8221;) uyar\u0131nca veri sorumlusu s\u0131fat\u0131yla, Microfiber Tekstil olarak ki\u015fisel verilerinizin gizlili\u011fi ve korunmas\u0131 bizim i\u00e7in \u00f6nceliklidir. Adres: 15 Temmuz Mah, 148046 Sokak No:7, 27560 \u015eehitkamil\/Gaziantep E-posta: abdullah@microfiber.com.tr Telefon: +90 (536) 494 65 76 2. \u0130\u015flenen Ki\u015fisel Veriler Web sitemiz arac\u0131l\u0131\u011f\u0131yla ileti\u015fime ge\u00e7ti\u011finizde toplanan ki\u015fisel veriler: ad-soyad,&#8230;<\/p>","protected":false},"author":0,"featured_media":0,"parent":0,"menu_order":0,"comment_status":"closed","ping_status":"closed","template":"","meta":{"footnotes":""},"class_list":["post-31389","page","type-page","status-publish","hentry"],"_links":{"self":[{"href":"https:\/\/micrononwoven.com\/en\/wp-json\/wp\/v2\/pages\/31389","targetHints":{"allow":["GET"]}}],"collection":[{"href":"https:\/\/micrononwoven.com\/en\/wp-json\/wp\/v2\/pages"}],"about":[{"href":"https:\/\/micrononwoven.com\/en\/wp-json\/wp\/v2\/types\/page"}],"replies":[{"embeddable":true,"href":"https:\/\/micrononwoven.com\/en\/wp-json\/wp\/v2\/comments?post=31389"}],"version-history":[{"count":0,"href":"https:\/\/micrononwoven.com\/en\/wp-json\/wp\/v2\/pages\/31389\/revisions"}],"wp:attachment":[{"href":"https:\/\/micrononwoven.com\/en\/wp-json\/wp\/v2\/media?parent=31389"}],"curies":[{"name":"wp","href":"https:\/\/api.w.org\/{rel}","templated":true}]}}