{"id":31389,"date":"2026-04-28T15:42:01","date_gmt":"2026-04-28T15:42:01","guid":{"rendered":"https:\/\/microfiber.com.tr\/kvkk\/"},"modified":"2026-04-28T15:42:01","modified_gmt":"2026-04-28T15:42:01","slug":"kvkk","status":"publish","type":"page","link":"https:\/\/micrononwoven.com\/de\/kvkk\/","title":{"rendered":"KVKK-Aufkl\u00e4rungstext"},"content":{"rendered":"<h2>1. Verantwortlicher<\/h2>\n<p>Gem\u00e4\u00df dem Gesetz zum Schutz personenbezogener Daten Nr. 6698 (&#8220;KVKK&#8221;) hat die Vertraulichkeit und der Schutz Ihrer personenbezogenen Daten f\u00fcr uns als Microfiber Tekstil als Verantwortlicher oberste Priorit\u00e4t.<\/p>\n<p><strong>Adresse:<\/strong> 15 Juli Mah, 148046 Sokak No:7, 27560 \u015eehitkamil\/Gaziantep<br \/>\n<strong>E-Mail:<\/strong> abdullah@microfiber.com.tr<br \/>\n<strong>Telefon:<\/strong> +90 (536) 494 65 76<\/p>\n<h2>2. Verarbeitete personenbezogene Daten<\/h2>\n<p>Personenbezogene Daten, die erhoben werden, wenn Sie uns \u00fcber unsere Website kontaktieren: Vor- und Nachname, E-Mail-Adresse, Telefonnummer, Firmenname und Nachrichteninhalt.<\/p>\n<h2>3. Zwecke der Verarbeitung personenbezogener Daten<\/h2>\n<ul>\n<li>Verwaltung von Kundenanfragen und Beschwerden<\/li>\n<li>Informationen zu Produkten und Dienstleistungen<\/li>\n<li>Durchf\u00fchrung von Vertragsprozessen<\/li>\n<li>Erf\u00fcllung gesetzlicher Verpflichtungen<\/li>\n<li>Durchf\u00fchrung von Marketing- und Kommunikationsaktivit\u00e4ten<\/li>\n<\/ul>\n<h2>4. \u00dcbermittlung personenbezogener Daten<\/h2>\n<p>Ihre personenbezogenen Daten k\u00f6nnen aufgrund gesetzlicher Verpflichtungen, vertraglicher Pflichten und zur Verbesserung unserer Servicequalit\u00e4t an autorisierte \u00f6ffentliche Institutionen und Organisationen, unsere Gesch\u00e4ftspartner und Dienstleister \u00fcbermittelt werden.<\/p>\n<h2>5. Rechte der betroffenen Person<\/h2>\n<p>Gem\u00e4\u00df Artikel 11 des KVKK haben Sie als betroffene Person folgende Rechte:<\/p>\n<ul>\n<li>Auskunft dar\u00fcber zu erhalten, ob Ihre personenbezogenen Daten verarbeitet werden<\/li>\n<li>Informationen \u00fcber die verarbeiteten Daten anzufordern<\/li>\n<li>Den Zweck der Verarbeitung und deren Konformit\u00e4t zu erfahren<\/li>\n<li>Die Berichtigung unvollst\u00e4ndiger oder falsch verarbeiteter Daten zu verlangen<\/li>\n<li>Die L\u00f6schung oder Vernichtung der Daten zu verlangen<\/li>\n<li>Widerspruch gegen automatisierte Analysen einzulegen, die aus der Verarbeitung resultieren<\/li>\n<\/ul>\n<h2>6. Antrag<\/h2>\n<p>Um Ihre oben genannten Rechte auszu\u00fcben <a href=\"mailto:abdullah@microfiber.com.tr\">abdullah@microfiber.com.tr<\/a> k\u00f6nnen Sie sich an die E-Mail-Adresse wenden. Ihr Antrag wird sp\u00e4testens innerhalb von 30 Tagen bearbeitet.<\/p>","protected":false},"excerpt":{"rendered":"<p>1. Veri Sorumlusu 6698 say\u0131l\u0131 Ki\u015fisel Verilerin Korunmas\u0131 Kanunu (&#8220;KVKK&#8221;) uyar\u0131nca veri sorumlusu s\u0131fat\u0131yla, Microfiber Tekstil olarak ki\u015fisel verilerinizin gizlili\u011fi ve korunmas\u0131 bizim i\u00e7in \u00f6nceliklidir. Adres: 15 Temmuz Mah, 148046 Sokak No:7, 27560 \u015eehitkamil\/Gaziantep E-posta: abdullah@microfiber.com.tr Telefon: +90 (536) 494 65 76 2. \u0130\u015flenen Ki\u015fisel Veriler Web sitemiz arac\u0131l\u0131\u011f\u0131yla ileti\u015fime ge\u00e7ti\u011finizde toplanan ki\u015fisel veriler: ad-soyad,&#8230;<\/p>","protected":false},"author":0,"featured_media":0,"parent":0,"menu_order":0,"comment_status":"closed","ping_status":"closed","template":"","meta":{"footnotes":""},"class_list":["post-31389","page","type-page","status-publish","hentry"],"_links":{"self":[{"href":"https:\/\/micrononwoven.com\/de\/wp-json\/wp\/v2\/pages\/31389","targetHints":{"allow":["GET"]}}],"collection":[{"href":"https:\/\/micrononwoven.com\/de\/wp-json\/wp\/v2\/pages"}],"about":[{"href":"https:\/\/micrononwoven.com\/de\/wp-json\/wp\/v2\/types\/page"}],"replies":[{"embeddable":true,"href":"https:\/\/micrononwoven.com\/de\/wp-json\/wp\/v2\/comments?post=31389"}],"version-history":[{"count":0,"href":"https:\/\/micrononwoven.com\/de\/wp-json\/wp\/v2\/pages\/31389\/revisions"}],"wp:attachment":[{"href":"https:\/\/micrononwoven.com\/de\/wp-json\/wp\/v2\/media?parent=31389"}],"curies":[{"name":"wp","href":"https:\/\/api.w.org\/{rel}","templated":true}]}}