{"id":31390,"date":"2026-04-28T15:42:04","date_gmt":"2026-04-28T15:42:04","guid":{"rendered":"https:\/\/microfiber.com.tr\/gizlilik-politikasi\/"},"modified":"2026-04-28T15:42:04","modified_gmt":"2026-04-28T15:42:04","slug":"gizlilik-politikasi","status":"publish","type":"page","link":"https:\/\/micrononwoven.com\/ar\/gizlilik-politikasi\/","title":{"rendered":"\u0633\u064a\u0627\u0633\u0629 \u0627\u0644\u062e\u0635\u0648\u0635\u064a\u0629"},"content":{"rendered":"<h2>\u0633\u064a\u0627\u0633\u0629 \u0627\u0644\u062e\u0635\u0648\u0635\u064a\u0629<\/h2>\n<p>\u0628\u0635\u0641\u062a\u0646\u0627 Microfiber Tekstil\u060c \u0646\u062d\u0646 \u0646\u0647\u062a\u0645 \u0628\u062e\u0635\u0648\u0635\u064a\u0629 \u0632\u0648\u0627\u0631\u0646\u0627. \u062a\u0634\u0631\u062d \u0647\u0630\u0647 \u0627\u0644\u0633\u064a\u0627\u0633\u0629 \u0645\u0645\u0627\u0631\u0633\u0627\u062a\u0646\u0627 \u0641\u064a \u062c\u0645\u0639 \u0648\u0627\u0633\u062a\u062e\u062f\u0627\u0645 \u0627\u0644\u0645\u0639\u0644\u0648\u0645\u0627\u062a \u0639\u0644\u0649 \u0645\u0648\u0642\u0639\u0646\u0627 \u0627\u0644\u0625\u0644\u0643\u062a\u0631\u0648\u0646\u064a.<\/p>\n<h2>1. \u0627\u0644\u0645\u0639\u0644\u0648\u0645\u0627\u062a \u0627\u0644\u062a\u064a \u064a\u062a\u0645 \u062c\u0645\u0639\u0647\u0627<\/h2>\n<p>\u0639\u0646\u062f \u0632\u064a\u0627\u0631\u062a\u0643\u0645 \u0644\u0645\u0648\u0642\u0639\u0646\u0627 \u0627\u0644\u0625\u0644\u0643\u062a\u0631\u0648\u0646\u064a\u060c \u0642\u062f \u064a\u062a\u0645 \u062c\u0645\u0639 \u0627\u0644\u0645\u0639\u0644\u0648\u0645\u0627\u062a \u0627\u0644\u062a\u0627\u0644\u064a\u0629:<\/p>\n<ul>\n<li>\u0627\u0644\u0645\u0639\u0644\u0648\u0645\u0627\u062a \u0627\u0644\u062a\u064a \u062a\u0634\u0627\u0631\u0643\u0648\u0646\u0647\u0627 \u0637\u0648\u0627\u0639\u064a\u0629 \u0639\u0628\u0631 \u0646\u0645\u0648\u0630\u062c \u0627\u0644\u0627\u062a\u0635\u0627\u0644 (\u0627\u0644\u0627\u0633\u0645\u060c \u0627\u0644\u0628\u0631\u064a\u062f \u0627\u0644\u0625\u0644\u0643\u062a\u0631\u0648\u0646\u064a\u060c \u0627\u0644\u0647\u0627\u062a\u0641\u060c \u0627\u0644\u0631\u0633\u0627\u0644\u0629)<\/li>\n<li>\u0645\u0639\u0644\u0648\u0645\u0627\u062a \u062a\u0642\u0646\u064a\u0629 \u0645\u062b\u0644 \u0646\u0648\u0639 \u0627\u0644\u0645\u062a\u0635\u0641\u062d\u060c \u0648\u0639\u0646\u0648\u0627\u0646 IP\u060c \u0648\u062a\u0627\u0631\u064a\u062e \u0648\u0648\u0642\u062a \u0627\u0644\u0632\u064a\u0627\u0631\u0629<\/li>\n<li>\u0645\u0639\u0644\u0648\u0645\u0627\u062a \u0627\u0644\u062c\u0644\u0633\u0629 \u0627\u0644\u062a\u064a \u064a\u062a\u0645 \u062c\u0645\u0639\u0647\u0627 \u0645\u0646 \u062e\u0644\u0627\u0644 \u0645\u0644\u0641\u0627\u062a \u062a\u0639\u0631\u064a\u0641 \u0627\u0644\u0627\u0631\u062a\u0628\u0627\u0637 (Cookies)<\/li>\n<\/ul>\n<h2>2. \u0645\u0644\u0641\u0627\u062a \u062a\u0639\u0631\u064a\u0641 \u0627\u0644\u0627\u0631\u062a\u0628\u0627\u0637 (Cookies)<\/h2>\n<p>\u064a\u0633\u062a\u062e\u062f\u0645 \u0645\u0648\u0642\u0639\u0646\u0627 \u0627\u0644\u0625\u0644\u0643\u062a\u0631\u0648\u0646\u064a \u0645\u0644\u0641\u0627\u062a \u062a\u0639\u0631\u064a\u0641 \u0627\u0644\u0627\u0631\u062a\u0628\u0627\u0637 \u0644\u062a\u062d\u0633\u064a\u0646 \u062a\u062c\u0631\u0628\u0629 \u0627\u0644\u0645\u0633\u062a\u062e\u062f\u0645. \u064a\u0645\u0643\u0646 \u062a\u0639\u0637\u064a\u0644 \u0645\u0644\u0641\u0627\u062a \u062a\u0639\u0631\u064a\u0641 \u0627\u0644\u0627\u0631\u062a\u0628\u0627\u0637 \u0645\u0646 \u0625\u0639\u062f\u0627\u062f\u0627\u062a \u0645\u062a\u0635\u0641\u062d\u0643\u060c \u0648\u0644\u0643\u0646 \u0642\u062f \u064a\u0624\u062f\u064a \u0630\u0644\u0643 \u0625\u0644\u0649 \u0639\u062f\u0645 \u0639\u0645\u0644 \u0628\u0639\u0636 \u0627\u0644\u0645\u064a\u0632\u0627\u062a \u0628\u0634\u0643\u0644 \u0635\u062d\u064a\u062d.<\/p>\n<p>\u0623\u0646\u0648\u0627\u0639 \u0645\u0644\u0641\u0627\u062a \u062a\u0639\u0631\u064a\u0641 \u0627\u0644\u0627\u0631\u062a\u0628\u0627\u0637 \u0627\u0644\u062a\u064a \u0646\u0633\u062a\u062e\u062f\u0645\u0647\u0627:<\/p>\n<ul>\n<li><strong>\u0645\u0644\u0641\u0627\u062a \u062a\u0639\u0631\u064a\u0641 \u0627\u0644\u0627\u0631\u062a\u0628\u0627\u0637 \u0627\u0644\u0636\u0631\u0648\u0631\u064a\u0629:<\/strong> \u0636\u0631\u0648\u0631\u064a\u0629 \u0644\u0644\u0648\u0638\u0627\u0626\u0641 \u0627\u0644\u0623\u0633\u0627\u0633\u064a\u0629 \u0644\u0644\u0645\u0648\u0642\u0639.<\/li>\n<li><strong>\u0645\u0644\u0641\u0627\u062a \u062a\u0639\u0631\u064a\u0641 \u0627\u0631\u062a\u0628\u0627\u0637 \u0627\u0644\u0623\u062f\u0627\u0621:<\/strong> \u062a\u064f\u0633\u062a\u062e\u062f\u0645 \u0644\u062a\u062d\u0644\u064a\u0644 \u0627\u0633\u062a\u062e\u062f\u0627\u0645 \u0627\u0644\u0645\u0648\u0642\u0639.<\/li>\n<li><strong>\u0645\u0644\u0641\u0627\u062a \u062a\u0639\u0631\u064a\u0641 \u0627\u0631\u062a\u0628\u0627\u0637 \u0627\u0644\u0648\u0638\u0627\u0626\u0641:<\/strong> \u064a\u062a\u0645 \u062a\u0630\u0643\u0631 \u062a\u0641\u0636\u064a\u0644\u0627\u062a\u0643 (\u0645\u062b\u0644 \u0627\u062e\u062a\u064a\u0627\u0631 \u0627\u0644\u0644\u063a\u0629).<\/li>\n<\/ul>\n<h2>3. \u0627\u0633\u062a\u062e\u062f\u0627\u0645 \u0627\u0644\u0645\u0639\u0644\u0648\u0645\u0627\u062a<\/h2>\n<p>\u062a\u064f\u0633\u062a\u062e\u062f\u0645 \u0627\u0644\u0645\u0639\u0644\u0648\u0645\u0627\u062a \u0627\u0644\u062a\u064a \u062a\u0645 \u062c\u0645\u0639\u0647\u0627 \u0644\u0644\u0623\u063a\u0631\u0627\u0636 \u0627\u0644\u062a\u0627\u0644\u064a\u0629:<\/p>\n<ul>\n<li>\u0627\u0644\u0631\u062f \u0639\u0644\u0649 \u0637\u0644\u0628\u0627\u062a\u0643 \u0648\u0627\u0633\u062a\u0641\u0633\u0627\u0631\u0627\u062a\u0643<\/li>\n<li>\u062a\u0642\u062f\u064a\u0645 \u0645\u0639\u0644\u0648\u0645\u0627\u062a \u062d\u0648\u0644 \u0645\u0646\u062a\u062c\u0627\u062a\u0646\u0627 \u0648\u062e\u062f\u0645\u0627\u062a\u0646\u0627<\/li>\n<li>\u062a\u062d\u0633\u064a\u0646 \u0623\u062f\u0627\u0621 \u0648\u0645\u062d\u062a\u0648\u0649 \u0627\u0644\u0645\u0648\u0642\u0639 \u0627\u0644\u0625\u0644\u0643\u062a\u0631\u0648\u0646\u064a<\/li>\n<li>\u0627\u0644\u0648\u0641\u0627\u0621 \u0628\u0627\u0644\u062a\u0632\u0627\u0645\u0627\u062a\u0646\u0627 \u0627\u0644\u0642\u0627\u0646\u0648\u0646\u064a\u0629<\/li>\n<\/ul>\n<h2>4. \u0623\u0645\u0646 \u0627\u0644\u0645\u0639\u0644\u0648\u0645\u0627\u062a<\/h2>\n<p>\u0645\u0646 \u0623\u062c\u0644 \u0623\u0645\u0646 \u0628\u064a\u0627\u0646\u0627\u062a\u0643 \u0627\u0644\u0634\u062e\u0635\u064a\u0629\u060c \u0646\u0637\u0628\u0642 \u0645\u0639\u0627\u064a\u064a\u0631 \u0627\u0644\u0635\u0646\u0627\u0639\u0629 \u0645\u062b\u0644 \u062a\u0634\u0641\u064a\u0631 SSL\u060c \u0648\u062c\u062f\u0627\u0631 \u0627\u0644\u062d\u0645\u0627\u064a\u0629\u060c \u0648\u0627\u0644\u062a\u062d\u0643\u0645 \u0641\u064a \u0627\u0644\u0648\u0635\u0648\u0644\u060c \u0648\u0639\u0645\u0644\u064a\u0627\u062a \u0627\u0644\u062a\u062f\u0642\u064a\u0642 \u0627\u0644\u0623\u0645\u0646\u064a \u0627\u0644\u0645\u0646\u062a\u0638\u0645\u0629.<\/p>\n<h2>5. \u0631\u0648\u0627\u0628\u0637 \u0627\u0644\u0637\u0631\u0641 \u0627\u0644\u062b\u0627\u0644\u062b<\/h2>\n<p>\u0642\u062f \u064a\u062d\u062a\u0648\u064a \u0645\u0648\u0642\u0639\u0646\u0627 \u0639\u0644\u0649 \u0631\u0648\u0627\u0628\u0637 \u0644\u0645\u0648\u0627\u0642\u0639 \u062e\u0627\u0631\u062c\u064a\u0629. \u0634\u0631\u0643\u0629 Microfiber Tekstil \u0644\u064a\u0633\u062a \u0645\u0633\u0624\u0648\u0644\u0629 \u0639\u0646 \u0645\u0645\u0627\u0631\u0633\u0627\u062a \u0627\u0644\u062e\u0635\u0648\u0635\u064a\u0629 \u0644\u0647\u0630\u0647 \u0627\u0644\u0645\u0648\u0627\u0642\u0639\u061b \u0646\u0648\u0635\u064a \u0628\u0645\u0631\u0627\u062c\u0639\u0629 \u0633\u064a\u0627\u0633\u0629 \u0627\u0644\u062e\u0635\u0648\u0635\u064a\u0629 \u0627\u0644\u062e\u0627\u0635\u0629 \u0628\u0627\u0644\u0645\u0648\u0642\u0639 \u0627\u0644\u0645\u0639\u0646\u064a \u0642\u0628\u0644 \u0632\u064a\u0627\u0631\u062a\u0647.<\/p>\n<h2>6. \u062a\u063a\u064a\u064a\u0631\u0627\u062a \u0627\u0644\u0633\u064a\u0627\u0633\u0629<\/h2>\n<p>\u064a\u0645\u0643\u0646 \u062a\u062d\u062f\u064a\u062b \u0633\u064a\u0627\u0633\u0629 \u0627\u0644\u062e\u0635\u0648\u0635\u064a\u0629 \u0647\u0630\u0647 \u0639\u0646\u062f \u0627\u0644\u0636\u0631\u0648\u0631\u0629. \u062a\u0635\u0628\u062d \u0627\u0644\u062a\u063a\u064a\u064a\u0631\u0627\u062a \u0633\u0627\u0631\u064a\u0629 \u0627\u0644\u0645\u0641\u0639\u0648\u0644 \u0628\u0645\u062c\u0631\u062f \u0646\u0634\u0631\u0647\u0627 \u0639\u0644\u0649 \u0647\u0630\u0647 \u0627\u0644\u0635\u0641\u062d\u0629. \u0646\u0648\u0635\u064a \u0628\u0645\u0631\u0627\u062c\u0639\u062a\u0647\u0627 \u0628\u0627\u0646\u062a\u0638\u0627\u0645.<\/p>\n<h2>7. \u0627\u0644\u062a\u0648\u0627\u0635\u0644<\/h2>\n<p>\u0644\u0623\u0633\u0626\u0644\u062a\u0643 \u0623\u0648 \u0637\u0644\u0628\u0627\u062a\u0643 \u0627\u0644\u0645\u062a\u0639\u0644\u0642\u0629 \u0628\u0633\u064a\u0627\u0633\u0629 \u0627\u0644\u062e\u0635\u0648\u0635\u064a\u0629 \u0627\u0644\u062e\u0627\u0635\u0629 \u0628\u0646\u0627: <a href=\"mailto:abdullah@microfiber.com.tr\">abdullah@microfiber.com.tr<\/a><\/p>","protected":false},"excerpt":{"rendered":"<p>Gizlilik Politikas\u0131 Microfiber Tekstil olarak ziyaret\u00e7ilerimizin gizlili\u011fini \u00f6nemsiyoruz. Bu politika, web sitemizdeki bilgi toplama ve kullanma pratiklerimizi a\u00e7\u0131klamaktad\u0131r. 1. Toplanan Bilgiler Web sitemizi ziyaret etti\u011finizde a\u015fa\u011f\u0131daki bilgiler toplanabilir: \u0130leti\u015fim formu \u00fczerinden g\u00f6n\u00fcll\u00fc olarak payla\u015ft\u0131\u011f\u0131n\u0131z bilgiler (ad, e-posta, telefon, mesaj) Taray\u0131c\u0131 tipi, IP adresi, ziyaret tarihi ve saati gibi teknik bilgiler \u00c7erezler arac\u0131l\u0131\u011f\u0131yla toplanan oturum bilgileri&#8230;<\/p>","protected":false},"author":0,"featured_media":0,"parent":0,"menu_order":0,"comment_status":"closed","ping_status":"closed","template":"","meta":{"footnotes":""},"class_list":["post-31390","page","type-page","status-publish","hentry"],"_links":{"self":[{"href":"https:\/\/micrononwoven.com\/ar\/wp-json\/wp\/v2\/pages\/31390","targetHints":{"allow":["GET"]}}],"collection":[{"href":"https:\/\/micrononwoven.com\/ar\/wp-json\/wp\/v2\/pages"}],"about":[{"href":"https:\/\/micrononwoven.com\/ar\/wp-json\/wp\/v2\/types\/page"}],"replies":[{"embeddable":true,"href":"https:\/\/micrononwoven.com\/ar\/wp-json\/wp\/v2\/comments?post=31390"}],"version-history":[{"count":0,"href":"https:\/\/micrononwoven.com\/ar\/wp-json\/wp\/v2\/pages\/31390\/revisions"}],"wp:attachment":[{"href":"https:\/\/micrononwoven.com\/ar\/wp-json\/wp\/v2\/media?parent=31390"}],"curies":[{"name":"\u062f\u0628\u0644\u064a\u0648 \u0628\u064a","href":"https:\/\/api.w.org\/{rel}","templated":true}]}}