{"id":31389,"date":"2026-04-28T15:42:01","date_gmt":"2026-04-28T15:42:01","guid":{"rendered":"https:\/\/microfiber.com.tr\/kvkk\/"},"modified":"2026-04-28T15:42:01","modified_gmt":"2026-04-28T15:42:01","slug":"kvkk","status":"publish","type":"page","link":"https:\/\/micrononwoven.com\/ar\/kvkk\/","title":{"rendered":"\u0646\u0635 \u0625\u064a\u0636\u0627\u062d\u064a \u062d\u0648\u0644 \u0642\u0627\u0646\u0648\u0646 \u062d\u0645\u0627\u064a\u0629 \u0627\u0644\u0628\u064a\u0627\u0646\u0627\u062a \u0627\u0644\u0634\u062e\u0635\u064a\u0629 (KVKK)"},"content":{"rendered":"<h2>1. \u0645\u0631\u0627\u0642\u0628 \u0627\u0644\u0628\u064a\u0627\u0646\u0627\u062a<\/h2>\n<p>\u0648\u0641\u0642\u064b\u0627 \u0644\u0642\u0627\u0646\u0648\u0646 \u062d\u0645\u0627\u064a\u0629 \u0627\u0644\u0628\u064a\u0627\u0646\u0627\u062a \u0627\u0644\u0634\u062e\u0635\u064a\u0629 \u0631\u0642\u0645 6698 (&#8220;KVKK&#8221;)\u060c \u0628\u0635\u0641\u062a\u0646\u0627 Microfiber Tekstil\u060c \u0641\u0625\u0646 \u062e\u0635\u0648\u0635\u064a\u0629 \u0648\u062d\u0645\u0627\u064a\u0629 \u0628\u064a\u0627\u0646\u0627\u062a\u0643\u0645 \u0627\u0644\u0634\u062e\u0635\u064a\u0629 \u0647\u064a \u0623\u0648\u0644\u0648\u064a\u062a\u0646\u0627 \u0628\u0635\u0641\u062a\u0646\u0627 \u0645\u0631\u0627\u0642\u0628 \u0627\u0644\u0628\u064a\u0627\u0646\u0627\u062a.<\/p>\n<p><strong>\u0627\u0644\u0639\u0646\u0648\u0627\u0646:<\/strong> 15 \u064a\u0648\u0644\u064a\u0648 \u0645\u062d\u060c 148046 \u0633\u0648\u0643\u0627\u0643 \u0631\u0642\u0645: 7\u060c 27560 \u0634\u064a\u062a\u0643\u0627\u0645\u064a\u0644\/\u063a\u0627\u0632\u064a \u0639\u0646\u062a\u0627\u0628<br \/>\n<strong>\u0627\u0644\u0628\u0631\u064a\u062f \u0627\u0644\u0625\u0644\u0643\u062a\u0631\u0648\u0646\u064a:<\/strong> abdullah@microfiber.com.tr<br \/>\n<strong>\u0627\u0644\u0647\u0627\u062a\u0641:<\/strong> +90 (536) 494 65 76<\/p>\n<h2>2. \u0627\u0644\u0628\u064a\u0627\u0646\u0627\u062a \u0627\u0644\u0634\u062e\u0635\u064a\u0629 \u0627\u0644\u0645\u0639\u0627\u0644\u062c\u0629<\/h2>\n<p>\u0627\u0644\u0628\u064a\u0627\u0646\u0627\u062a \u0627\u0644\u0634\u062e\u0635\u064a\u0629 \u0627\u0644\u062a\u064a \u064a\u062a\u0645 \u062c\u0645\u0639\u0647\u0627 \u0639\u0646\u062f \u0627\u0644\u062a\u0648\u0627\u0635\u0644 \u0645\u0639\u0646\u0627 \u0639\u0628\u0631 \u0645\u0648\u0642\u0639\u0646\u0627 \u0627\u0644\u0625\u0644\u0643\u062a\u0631\u0648\u0646\u064a \u0647\u064a: \u0627\u0644\u0627\u0633\u0645 \u0648\u0627\u0644\u0644\u0642\u0628\u060c \u0639\u0646\u0648\u0627\u0646 \u0627\u0644\u0628\u0631\u064a\u062f \u0627\u0644\u0625\u0644\u0643\u062a\u0631\u0648\u0646\u064a\u060c \u0631\u0642\u0645 \u0627\u0644\u0647\u0627\u062a\u0641\u060c \u0627\u0633\u0645 \u0627\u0644\u0634\u0631\u0643\u0629\u060c \u0648\u0645\u062d\u062a\u0648\u0649 \u0627\u0644\u0631\u0633\u0627\u0644\u0629.<\/p>\n<h2>3. \u0623\u063a\u0631\u0627\u0636 \u0645\u0639\u0627\u0644\u062c\u0629 \u0627\u0644\u0628\u064a\u0627\u0646\u0627\u062a \u0627\u0644\u0634\u062e\u0635\u064a\u0629<\/h2>\n<ul>\n<li>\u0625\u062f\u0627\u0631\u0629 \u0637\u0644\u0628\u0627\u062a \u0648\u0634\u0643\u0627\u0648\u0649 \u0627\u0644\u0639\u0645\u0644\u0627\u0621<\/li>\n<li>\u0645\u0639\u0644\u0648\u0645\u0627\u062a \u0639\u0646 \u0627\u0644\u0645\u0646\u062a\u062c\u0627\u062a \u0648\u0627\u0644\u062e\u062f\u0645\u0627\u062a<\/li>\n<li>\u062a\u0646\u0641\u064a\u0630 \u0639\u0645\u0644\u064a\u0627\u062a \u0627\u0644\u0639\u0642\u0648\u062f<\/li>\n<li>\u0627\u0644\u0648\u0641\u0627\u0621 \u0628\u0627\u0644\u0627\u0644\u062a\u0632\u0627\u0645\u0627\u062a \u0627\u0644\u0642\u0627\u0646\u0648\u0646\u064a\u0629<\/li>\n<li>\u0645\u0648\u0627\u0635\u0644\u0629 \u0623\u0646\u0634\u0637\u0629 \u0627\u0644\u062a\u0633\u0648\u064a\u0642 \u0648\u0627\u0644\u0627\u062a\u0635\u0627\u0644<\/li>\n<\/ul>\n<h2>4. \u0646\u0642\u0644 \u0627\u0644\u0628\u064a\u0627\u0646\u0627\u062a \u0627\u0644\u0634\u062e\u0635\u064a\u0629<\/h2>\n<p>\u064a\u0645\u0643\u0646 \u0646\u0642\u0644 \u0628\u064a\u0627\u0646\u0627\u062a\u0643\u0645 \u0627\u0644\u0634\u062e\u0635\u064a\u0629 \u0625\u0644\u0649 \u0627\u0644\u0645\u0624\u0633\u0633\u0627\u062a \u0648\u0627\u0644\u0647\u064a\u0626\u0627\u062a \u0627\u0644\u0639\u0627\u0645\u0629 \u0627\u0644\u0645\u062e\u0648\u0644\u0629\u060c \u0648\u0634\u0631\u0643\u0627\u0626\u0646\u0627 \u0641\u064a \u0627\u0644\u0639\u0645\u0644\u060c \u0648\u0627\u0644\u0645\u0648\u0631\u062f\u064a\u0646 \u0627\u0644\u0630\u064a\u0646 \u0646\u062a\u0644\u0642\u0649 \u0645\u0646\u0647\u0645 \u0627\u0644\u062e\u062f\u0645\u0627\u062a\u060c \u0648\u0630\u0644\u0643 \u0644\u0623\u063a\u0631\u0627\u0636 \u0627\u0644\u0627\u0644\u062a\u0632\u0627\u0645\u0627\u062a \u0627\u0644\u0642\u0627\u0646\u0648\u0646\u064a\u0629 \u0648\u0627\u0644\u062a\u0639\u0627\u0642\u062f\u064a\u0629 \u0648\u062a\u062d\u0633\u064a\u0646 \u062c\u0648\u062f\u0629 \u062e\u062f\u0645\u0627\u062a\u0646\u0627.<\/p>\n<h2>5. \u062d\u0642\u0648\u0642 \u0635\u0627\u062d\u0628 \u0627\u0644\u0628\u064a\u0627\u0646\u0627\u062a \u0627\u0644\u0634\u062e\u0635\u064a\u0629<\/h2>\n<p>\u0648\u0641\u0642\u0627\u064b \u0644\u0644\u0645\u0627\u062f\u0629 11 \u0645\u0646 \u0642\u0627\u0646\u0648\u0646 \u062d\u0645\u0627\u064a\u0629 \u0627\u0644\u0628\u064a\u0627\u0646\u0627\u062a \u0627\u0644\u0634\u062e\u0635\u064a\u0629 (KVKK)\u060c \u0628\u0635\u0641\u062a\u0643\u0645 \u0635\u0627\u062d\u0628 \u0627\u0644\u0628\u064a\u0627\u0646\u0627\u062a\u060c \u062a\u062a\u0645\u062a\u0639\u0648\u0646 \u0628\u0627\u0644\u062d\u0642\u0648\u0642 \u0627\u0644\u062a\u0627\u0644\u064a\u0629:<\/p>\n<ul>\n<li>\u0645\u0639\u0631\u0641\u0629 \u0645\u0627 \u0625\u0630\u0627 \u0643\u0627\u0646\u062a \u0628\u064a\u0627\u0646\u0627\u062a\u0643\u0645 \u0627\u0644\u0634\u062e\u0635\u064a\u0629 \u0642\u062f \u062a\u0645\u062a \u0645\u0639\u0627\u0644\u062c\u062a\u0647\u0627 \u0623\u0645 \u0644\u0627<\/li>\n<li>\u0637\u0644\u0628 \u0645\u0639\u0644\u0648\u0645\u0627\u062a \u062d\u0648\u0644 \u0627\u0644\u0628\u064a\u0627\u0646\u0627\u062a \u0627\u0644\u062a\u064a \u062a\u0645\u062a \u0645\u0639\u0627\u0644\u062c\u062a\u0647\u0627<\/li>\n<li>\u0645\u0639\u0631\u0641\u0629 \u063a\u0631\u0636 \u0627\u0644\u0645\u0639\u0627\u0644\u062c\u0629 \u0648\u0645\u062f\u0649 \u0645\u0644\u0627\u0621\u0645\u062a\u0647\u0627<\/li>\n<li>\u0637\u0644\u0628 \u062a\u0635\u062d\u064a\u062d \u0627\u0644\u0628\u064a\u0627\u0646\u0627\u062a \u0627\u0644\u062a\u064a \u062a\u0645\u062a \u0645\u0639\u0627\u0644\u062c\u062a\u0647\u0627 \u0628\u0634\u0643\u0644 \u0646\u0627\u0642\u0635 \u0623\u0648 \u062e\u0627\u0637\u0626<\/li>\n<li>\u0637\u0644\u0628 \u062d\u0630\u0641 \u0623\u0648 \u0625\u062a\u0644\u0627\u0641 \u0627\u0644\u0628\u064a\u0627\u0646\u0627\u062a<\/li>\n<li>\u0627\u0644\u0627\u0639\u062a\u0631\u0627\u0636 \u0639\u0644\u0649 \u0627\u0644\u062a\u062d\u0644\u064a\u0644\u0627\u062a \u0627\u0644\u0622\u0644\u064a\u0629 \u0627\u0644\u0646\u0627\u062a\u062c\u0629 \u0639\u0646 \u0627\u0644\u0645\u0639\u0627\u0644\u062c\u0629<\/li>\n<\/ul>\n<h2>6. \u0627\u0644\u0637\u0644\u0628<\/h2>\n<p>\u0644\u0645\u0645\u0627\u0631\u0633\u0629 \u062d\u0642\u0648\u0642\u0643\u0645 \u0627\u0644\u0645\u0630\u0643\u0648\u0631\u0629 \u0623\u0639\u0644\u0627\u0647 <a href=\"mailto:abdullah@microfiber.com.tr\">abdullah@microfiber.com.tr<\/a> \u064a\u0645\u0643\u0646\u0643\u0645 \u0627\u0644\u062a\u0642\u062f\u064a\u0645 \u0639\u0628\u0631 \u0639\u0646\u0648\u0627\u0646 \u0627\u0644\u0628\u0631\u064a\u062f \u0627\u0644\u0625\u0644\u0643\u062a\u0631\u0648\u0646\u064a. \u0633\u064a\u062a\u0645 \u0627\u0644\u0627\u0646\u062a\u0647\u0627\u0621 \u0645\u0646 \u0637\u0644\u0628\u0643\u0645 \u0641\u064a \u063a\u0636\u0648\u0646 30 \u064a\u0648\u0645\u0627\u064b \u0639\u0644\u0649 \u0627\u0644\u0623\u0643\u062b\u0631.<\/p>","protected":false},"excerpt":{"rendered":"<p>1. Veri Sorumlusu 6698 say\u0131l\u0131 Ki\u015fisel Verilerin Korunmas\u0131 Kanunu (&#8220;KVKK&#8221;) uyar\u0131nca veri sorumlusu s\u0131fat\u0131yla, Microfiber Tekstil olarak ki\u015fisel verilerinizin gizlili\u011fi ve korunmas\u0131 bizim i\u00e7in \u00f6nceliklidir. Adres: 15 Temmuz Mah, 148046 Sokak No:7, 27560 \u015eehitkamil\/Gaziantep E-posta: abdullah@microfiber.com.tr Telefon: +90 (536) 494 65 76 2. \u0130\u015flenen Ki\u015fisel Veriler Web sitemiz arac\u0131l\u0131\u011f\u0131yla ileti\u015fime ge\u00e7ti\u011finizde toplanan ki\u015fisel veriler: ad-soyad,&#8230;<\/p>","protected":false},"author":0,"featured_media":0,"parent":0,"menu_order":0,"comment_status":"closed","ping_status":"closed","template":"","meta":{"footnotes":""},"class_list":["post-31389","page","type-page","status-publish","hentry"],"_links":{"self":[{"href":"https:\/\/micrononwoven.com\/ar\/wp-json\/wp\/v2\/pages\/31389","targetHints":{"allow":["GET"]}}],"collection":[{"href":"https:\/\/micrononwoven.com\/ar\/wp-json\/wp\/v2\/pages"}],"about":[{"href":"https:\/\/micrononwoven.com\/ar\/wp-json\/wp\/v2\/types\/page"}],"replies":[{"embeddable":true,"href":"https:\/\/micrononwoven.com\/ar\/wp-json\/wp\/v2\/comments?post=31389"}],"version-history":[{"count":0,"href":"https:\/\/micrononwoven.com\/ar\/wp-json\/wp\/v2\/pages\/31389\/revisions"}],"wp:attachment":[{"href":"https:\/\/micrononwoven.com\/ar\/wp-json\/wp\/v2\/media?parent=31389"}],"curies":[{"name":"\u062f\u0628\u0644\u064a\u0648 \u0628\u064a","href":"https:\/\/api.w.org\/{rel}","templated":true}]}}